{"id":10,"date":"2015-12-14T14:56:06","date_gmt":"2015-12-14T14:56:06","guid":{"rendered":"http:\/\/starkiter.de\/?page_id=10"},"modified":"2023-01-21T23:02:11","modified_gmt":"2023-01-21T22:02:11","slug":"links","status":"publish","type":"page","link":"http:\/\/starkiter.de\/?page_id=10","title":{"rendered":"Links"},"content":{"rendered":"<p>Hier einige hilfreiche links:<br \/>\n<strong><a href=\"http:\/\/www.windfinder.de\" target=\"_blank\" rel=\"noopener\">www.windfinder.de<\/a><\/strong> &#8211; aktuelle Vorhersagen zu Windverh\u00e4ltnissen<br \/>\n<strong><a href=\"http:\/\/www.kitewiese.de\" target=\"_blank\" rel=\"noopener\">www.kitewiese.de<\/a><\/strong> &#8211; \u00dcbersicht an Fluggel\u00e4nden, nicht nur in Deutschland<br \/>\n<strong><a href=\"http:\/\/www.drachenforum.net\" target=\"_blank\" rel=\"noopener\">www.drachenforum.net<\/a><\/strong> &#8211; gr\u00f6\u00dfte Community f\u00fcr Drachenflieger aller Art<\/p>\n<p>Zuverl\u00e4ssige H\u00e4ndler:<br \/>\n<strong><a href=\"http:\/\/www.metropolis-drachen.de\" target=\"_blank\" rel=\"noopener\">www.metropolis-drachen.de<\/a><\/strong><br \/>\n<strong><a href=\"http:\/\/www.wolkenstuermer.de\" target=\"_blank\" rel=\"noopener\">www.wolkenstuermer.de<\/a><br \/>\n<a href=\"http:\/\/www.spiderkites.de\" target=\"_blank\" rel=\"noopener\">www.spiderkites.de<\/a><br \/>\n<\/strong><a href=\"http:\/\/www.elliot.de\" target=\"_blank\" rel=\"noopener\"><strong>www.elliot.de<\/strong><\/a><br \/>\n<strong><a href=\"http:\/\/www.flyingfunk.de\" target=\"_blank\" rel=\"noopener\">www.flyingfunk.de<\/a><\/strong><\/p>\n","protected":false},"excerpt":{"rendered":"<p>Hier einige hilfreiche links: www.windfinder.de &#8211; aktuelle Vorhersagen zu Windverh\u00e4ltnissen www.kitewiese.de &#8211; \u00dcbersicht an Fluggel\u00e4nden, nicht nur in Deutschland www.drachenforum.net &#8211; gr\u00f6\u00dfte Community f\u00fcr Drachenflieger aller Art Zuverl\u00e4ssige H\u00e4ndler: www.metropolis-drachen.de www.wolkenstuermer.de www.spiderkites.de www.elliot.de www.flyingfunk.de<\/p>\n","protected":false},"author":1,"featured_media":0,"parent":0,"menu_order":3,"comment_status":"closed","ping_status":"closed","template":"","meta":{"footnotes":""},"class_list":["post-10","page","type-page","status-publish","hentry","without-featured-image"],"_links":{"self":[{"href":"http:\/\/starkiter.de\/index.php?rest_route=\/wp\/v2\/pages\/10","targetHints":{"allow":["GET"]}}],"collection":[{"href":"http:\/\/starkiter.de\/index.php?rest_route=\/wp\/v2\/pages"}],"about":[{"href":"http:\/\/starkiter.de\/index.php?rest_route=\/wp\/v2\/types\/page"}],"author":[{"embeddable":true,"href":"http:\/\/starkiter.de\/index.php?rest_route=\/wp\/v2\/users\/1"}],"replies":[{"embeddable":true,"href":"http:\/\/starkiter.de\/index.php?rest_route=%2Fwp%2Fv2%2Fcomments&post=10"}],"version-history":[{"count":13,"href":"http:\/\/starkiter.de\/index.php?rest_route=\/wp\/v2\/pages\/10\/revisions"}],"predecessor-version":[{"id":531,"href":"http:\/\/starkiter.de\/index.php?rest_route=\/wp\/v2\/pages\/10\/revisions\/531"}],"wp:attachment":[{"href":"http:\/\/starkiter.de\/index.php?rest_route=%2Fwp%2Fv2%2Fmedia&parent=10"}],"curies":[{"name":"wp","href":"https:\/\/api.w.org\/{rel}","templated":true}]}}