{"id":316,"date":"2018-08-26T16:17:00","date_gmt":"2018-08-26T15:17:00","guid":{"rendered":"http:\/\/starkiter.de\/?page_id=316"},"modified":"2018-08-26T17:20:41","modified_gmt":"2018-08-26T16:20:41","slug":"datenschmutz","status":"publish","type":"page","link":"http:\/\/starkiter.de\/?page_id=316","title":{"rendered":"Datensch(m)utz"},"content":{"rendered":"<p>Aufgrund der Tatsache, dass ich Produkte vergleiche und beurteile wird diese Seite als kommerzielle Seite eingestuft. Ich best\u00e4tige hiermit ausdr\u00fccklich, dass ich f\u00fcr meine Texte kein Geld von irgendjemandem (Hersteller, H\u00e4ndler,&#8230;) bekomme. Auch sind die Produkte, die ich nutze, selbst erworben und vollst\u00e4ndig bezahlt. Meine Meinung &#8211; und nichts anderes wird hier wiedergegeben &#8211; ist unabh\u00e4ngig und frei.<\/p>\n<p><strong>Datenerhebung<br \/>\n<\/strong>Es liegt mir fern mit dieser Internetseite pers\u00f6nliche Daten zu erheben, zu speichern, zu verarbeiten und zu verwerten.<br \/>\nDennoch werden durch die alleinige Existenz der Internetseite pers\u00f6nliche Daten erhoben, gespeichert und weitergegeben. Dies geht technisch mittlerweile nicht mehr anders.<br \/>\nZu den erhobenen Daten geh\u00f6ren z.B. die IP-Adresse jedes Besuchers durch den Provider. Mit der Einbindung von Google-Schriften und Youtube-Videos greifen auch diese Unternehmen Daten ab, ohne dass ich etwas dagegen tun kann.<br \/>\nDaher sehe ich mich gezwungen, die nachfolgende &#8211; in meinen Augen groteske &#8211; Datenschutzerkl\u00e4rung abzugeben.<\/p>\n<p><strong> 1. Allgemeine Hinweise und Pflichtinformationen<\/strong><\/p>\n<p><strong>Datenschutz<br \/>\n<\/strong>Der Betreiber dieser Seiten nimmt den Schutz Ihrer pers\u00f6nlichen Daten sehr ernst. Ich behandle Ihre personenbezogenen Daten vertraulich und entsprechend der gesetzlichen Datenschutzvorschriften sowie dieser Datenschutzerkl\u00e4rung.<br \/>\nWenn Sie diese Website benutzen, werden verschiedene personenbezogene Daten erhoben. Personenbezogene Daten sind Daten, mit denen Sie pers\u00f6nlich identifiziert werden k\u00f6nnen. Die vorliegende Datenschutzerkl\u00e4rung erl\u00e4utert, welche Daten erhoben werden und wof\u00fcr sie nutzen. Sie erl\u00e4utert auch, wie und zu welchem Zweck das geschieht.<br \/>\nIch weise darauf hin, dass die Daten\u00fcbertragung im Internet (z.B. bei der Kommunikation per E-Mail) Sicherheitsl\u00fccken aufweisen kann. Ein l\u00fcckenloser Schutz der Daten vor dem Zugriff durch Dritte ist nicht m\u00f6glich.<\/p>\n<p><strong>Hinweis zur verantwortlichen Stelle<br \/>\n<\/strong>Die verantwortliche Stelle f\u00fcr die Datenverarbeitung auf dieser Website ist:<br \/>\nStephan Schniz, Ziegel\u00e4ckerweg 34, 75447 Sternenfels<br \/>\nTelefon: 07045 90220<br \/>\nE-Mail: Familie.Schniz@gmx.de<br \/>\nVerantwortliche Stelle ist die nat\u00fcrliche oder juristische Person, die allein oder gemeinsam mit anderen \u00fcber die Zwecke und Mittel der Verarbeitung von personenbezogenen Daten (z.B. Namen, E-Mail-Adressen o. \u00c4.) entscheidet.<\/p>\n<p><strong>Widerruf Ihrer Einwilligung zur Datenverarbeitung<br \/>\n<\/strong>Viele Datenverarbeitungsvorg\u00e4nge sind nur mit Ihrer ausdr\u00fccklichen Einwilligung m\u00f6glich. Sie k\u00f6nnen eine bereits erteilte Einwilligung jederzeit widerrufen. Dazu reicht eine formlose Mitteilung per E-Mail an mich. Die Rechtm\u00e4\u00dfigkeit der bis zum Widerruf erfolgten Datenverarbeitung bleibt vom Widerruf unber\u00fchrt.<\/p>\n<p><strong>Beschwerderecht bei der zust\u00e4ndigen Aufsichtsbeh\u00f6rde<br \/>\n<\/strong>Im Falle datenschutzrechtlicher Verst\u00f6\u00dfe steht dem Betroffenen ein Beschwerderecht bei der zust\u00e4ndigen Aufsichtsbeh\u00f6rde zu. Zust\u00e4ndige Aufsichtsbeh\u00f6rde in datenschutzrechtlichen Fragen ist der Landesdatenschutzbeauftragte des Bundeslandes, in dem unser Unternehmen seinen Sitz hat. Eine Liste der Datenschutzbeauftragten sowie deren Kontaktdaten k\u00f6nnen folgendem Link entnommen werden: <a href=\"https:\/\/www.bfdi.bund.de\/DE\/Infothek\/Anschriften_Links\/anschriften_links-node.html\">https:\/\/www.bfdi.bund.de\/DE\/Infothek\/Anschriften_Links\/anschriften_links-node.html<\/a>.<\/p>\n<p><strong>Recht auf Daten\u00fcbertragbarkeit<br \/>\n<\/strong>Sie haben das Recht, Daten, die ich auf Grundlage Ihrer Einwilligung oder in Erf\u00fcllung eines Vertrags automatisiert verarbeite, an sich oder an einen Dritten in einem g\u00e4ngigen, maschinenlesbaren Format aush\u00e4ndigen zu lassen. Sofern Sie die direkte \u00dcbertragung der Daten an einen anderen Verantwortlichen verlangen, erfolgt dies nur, soweit es technisch machbar ist.<\/p>\n<p><strong>Auskunft, Sperrung, L\u00f6schung<br \/>\n<\/strong>Sie haben im Rahmen der geltenden gesetzlichen Bestimmungen jederzeit das Recht auf unentgeltliche Auskunft \u00fcber Ihre gespeicherten personenbezogenen Daten, deren Herkunft und Empf\u00e4nger und den Zweck der Datenverarbeitung und ggf. ein Recht auf Berichtigung, Sperrung oder L\u00f6schung dieser Daten. Hierzu sowie zu weiteren Fragen zum Thema personenbezogene Daten k\u00f6nnen Sie sich jederzeit unter der oben angegebenen Adresse an mich wenden.<\/p>\n<p><strong>Widerspruch gegen Werbe-Mails<br \/>\n<\/strong>Der Nutzung von ver\u00f6ffentlichten Kontaktdaten zur \u00dcbersendung von nicht ausdr\u00fccklich angeforderter Werbung und Informationsmaterialien wird hiermit widersprochen. Die Betreiber der Seiten behalten sich ausdr\u00fccklich rechtliche Schritte im Falle der unverlangten Zusendung von Werbeinformationen, etwa durch Spam-E-Mails, vor.<\/p>\n<p><strong> 2. Datenschutzbeauftragter<\/strong><\/p>\n<p>Ein gesetzlich vorgeschriebener Datenschutzbeauftragter ist nicht erforderlich.<\/p>\n<p><strong> 3. Datenerfassung auf meiner Website<\/strong><\/p>\n<p><strong>Server-Log-Dateien<br \/>\n<\/strong>Der Provider der Seiten erhebt und speichert automatisch Informationen in so genannten Server-Log-Dateien, die Ihr Browser automatisch an uns \u00fcbermittelt. Dies sind:<\/p>\n<ul>\n<li>Browsertyp und Browserversion<\/li>\n<li>verwendetes Betriebssystem<\/li>\n<li>Referrer URL<\/li>\n<li>Hostname des zugreifenden Rechners<\/li>\n<li>Uhrzeit der Serveranfrage<\/li>\n<li>IP-Adresse<\/li>\n<\/ul>\n<p>Eine Zusammenf\u00fchrung dieser Daten mit anderen Datenquellen wird nicht vorgenommen.<br \/>\nGrundlage f\u00fcr die Datenverarbeitung ist Art. 6 Abs. 1 lit. f DSGVO, der die Verarbeitung von Daten zur Erf\u00fcllung eines Vertrags oder vorvertraglicher Ma\u00dfnahmen gestattet.<\/p>\n<p><strong>Kontaktformular<br \/>\n<\/strong>Wenn Sie mir per Kontaktformular Anfragen zukommen lassen, werden Ihre Angaben aus dem Anfrageformular inklusive der von Ihnen dort angegebenen Kontaktdaten zwecks Bearbeitung der Anfrage und f\u00fcr den Fall von Anschlussfragen gespeichert. Diese Daten gebe ich nicht weiter.<br \/>\nDie von Ihnen im Kontaktformular eingegebenen Daten verbleiben bei mir, bis Sie mich zur L\u00f6schung auffordern, Ihre Einwilligung zur Speicherung widerrufen oder der Zweck f\u00fcr die Datenspeicherung entf\u00e4llt (z.B. nach abgeschlossener Bearbeitung Ihrer Anfrage). Zwingende gesetzliche Bestimmungen \u2013 insbesondere Aufbewahrungsfristen \u2013 bleiben unber\u00fchrt.<\/p>\n<p><strong> 4. Plugins und Tools<\/strong><\/p>\n<p><strong>YouTube<br \/>\n<\/strong>Unsere Website nutzt Plugins der von Google betriebenen Seite YouTube. Betreiber der Seiten ist die YouTube, LLC, 901 Cherry Ave., San Bruno, CA 94066, USA.<br \/>\nWenn Sie eine unserer mit einem YouTube-Plugin ausgestatteten Seiten besuchen, wird eine Verbindung zu den Servern von YouTube hergestellt. Dabei wird dem YouTube-Server mitgeteilt, welche unserer Seiten Sie besucht haben.<br \/>\nWenn Sie in Ihrem YouTube-Account eingeloggt sind, erm\u00f6glichen Sie YouTube, Ihr Surfverhalten direkt Ihrem pers\u00f6nlichen Profil zuzuordnen. Dies k\u00f6nnen Sie verhindern, indem Sie sich aus Ihrem YouTube-Account ausloggen.<br \/>\nDie Nutzung von YouTube erfolgt im Interesse einer ansprechenden Darstellung unserer Online-Angebote. Dies stellt ein berechtigtes Interesse im Sinne von Art. 6 Abs. 1 lit. f DSGVO dar.<br \/>\nWeitere Informationen zum Umgang mit Nutzerdaten finden Sie in der Datenschutzerkl\u00e4rung von YouTube unter: <a href=\"https:\/\/www.google.de\/intl\/de\/policies\/privacy\">https:\/\/www.google.de\/intl\/de\/policies\/privacy<\/a>.<\/p>\n<p><strong>Google Web Fonts<br \/>\n<\/strong>Diese Seite nutzt zur einheitlichen Darstellung von Schriftarten so genannte Web Fonts, die von Google bereitgestellt werden. Beim Aufruf einer Seite l\u00e4dt Ihr Browser die ben\u00f6tigten Web Fonts in ihren Browsercache, um Texte und Schriftarten korrekt anzuzeigen.<br \/>\nZu diesem Zweck muss der von Ihnen verwendete Browser Verbindung zu den Servern von Google aufnehmen. Hierdurch erlangt Google Kenntnis dar\u00fcber, dass \u00fcber Ihre IP-Adresse unsere Website aufgerufen wurde. Die Nutzung von Google Web Fonts erfolgt im Interesse einer einheitlichen und ansprechenden Darstellung unserer Online-Angebote. Dies stellt ein berechtigtes Interesse im Sinne von Art. 6 Abs. 1 lit. f DSGVO dar.<br \/>\nWenn Ihr Browser Web Fonts nicht unterst\u00fctzt, wird eine Standardschrift von Ihrem Computer genutzt.<br \/>\nWeitere Informationen zu Google Web Fonts finden Sie unter <a href=\"https:\/\/developers.google.com\/fonts\/faq\">https:\/\/developers.google.com\/fonts\/faq<\/a> und in der Datenschutzerkl\u00e4rung von Google: <a href=\"https:\/\/www.google.com\/policies\/privacy\/\">https:\/\/www.google.com\/policies\/privacy\/<\/a>.<\/p>\n<p><strong>Abschlie\u00dfend mein pers\u00f6nlicher Tipp:<br \/>\n<\/strong>wer vermeiden will, dass Daten zur eigenen Person digital gespeichert werden, bleibt ganz dem Internet und den digitalen Kommunikationskan\u00e4len fern.<br \/>\nIn Zeiten, in denen Millionen ihre Lebensgeschichte auf Facebook ver\u00f6ffentlichen und brandhei\u00dfe News per Whatsapp verbreiten, erscheint eine DSGVO wie eine Steinschleuder, die einen Panzer aufhalten soll. Solange sich im Bewu\u00dftsein der Menschen nichts \u00e4ndert, sind hektisch ersonnene Reglementierungen der Regierungen stumpfe Schwerter, die immer die falschen verletzen.<\/p>\n","protected":false},"excerpt":{"rendered":"<p>Aufgrund der Tatsache, dass ich Produkte vergleiche und beurteile wird diese Seite als kommerzielle Seite eingestuft. Ich best\u00e4tige hiermit ausdr\u00fccklich, dass ich f\u00fcr meine Texte kein Geld von irgendjemandem (Hersteller, H\u00e4ndler,&#8230;) bekomme. Auch sind die Produkte, die ich nutze, selbst erworben und vollst\u00e4ndig bezahlt. Meine Meinung &#8211; und nichts anderes wird hier wiedergegeben &#8211; ist &hellip; <a href=\"http:\/\/starkiter.de\/?page_id=316\" class=\"more-link\">Weiterlesen <span class=\"screen-reader-text\">Datensch(m)utz<\/span><\/a><\/p>\n","protected":false},"author":1,"featured_media":0,"parent":0,"menu_order":9,"comment_status":"closed","ping_status":"closed","template":"","meta":{"footnotes":""},"class_list":["post-316","page","type-page","status-publish","hentry","without-featured-image"],"_links":{"self":[{"href":"http:\/\/starkiter.de\/index.php?rest_route=\/wp\/v2\/pages\/316","targetHints":{"allow":["GET"]}}],"collection":[{"href":"http:\/\/starkiter.de\/index.php?rest_route=\/wp\/v2\/pages"}],"about":[{"href":"http:\/\/starkiter.de\/index.php?rest_route=\/wp\/v2\/types\/page"}],"author":[{"embeddable":true,"href":"http:\/\/starkiter.de\/index.php?rest_route=\/wp\/v2\/users\/1"}],"replies":[{"embeddable":true,"href":"http:\/\/starkiter.de\/index.php?rest_route=%2Fwp%2Fv2%2Fcomments&post=316"}],"version-history":[{"count":5,"href":"http:\/\/starkiter.de\/index.php?rest_route=\/wp\/v2\/pages\/316\/revisions"}],"predecessor-version":[{"id":321,"href":"http:\/\/starkiter.de\/index.php?rest_route=\/wp\/v2\/pages\/316\/revisions\/321"}],"wp:attachment":[{"href":"http:\/\/starkiter.de\/index.php?rest_route=%2Fwp%2Fv2%2Fmedia&parent=316"}],"curies":[{"name":"wp","href":"https:\/\/api.w.org\/{rel}","templated":true}]}}