{"id":7,"date":"2015-12-14T14:55:20","date_gmt":"2015-12-14T14:55:20","guid":{"rendered":"http:\/\/starkiter.de\/?page_id=7"},"modified":"2017-03-29T11:44:43","modified_gmt":"2017-03-29T10:44:43","slug":"begriffe","status":"publish","type":"page","link":"http:\/\/starkiter.de\/?page_id=7","title":{"rendered":"Glossar"},"content":{"rendered":"<p>Dieses Glossar erhebt keinen Anspruch auf Vollst\u00e4ndigkeit und gibt in erster Linie Begriffe wieder, \u00fcber die ich Lauf der Zeit gestolpert bin.<\/p>\n<p><strong>Bodydrag<\/strong><br \/>\n\u00dcbung beim Kitesurfen, bei der sich der Kiter auf dem Bauch liegend vom Drachen durchs Wasser ziehen l\u00e4\u00dft.<\/p>\n<p><strong>Closed-Cell-Drachen<\/strong><br \/>\nBei der Closed-Cell-Bauweise befinden sich an der Vorderseite (Leitkante) des Drachens Lufteinlassschlitze mit einer Ventilfunktion. Dadurch wird die eintretende Luft in der Matte gehalten und sie beh\u00e4lt ihre Form.<br \/>\nClosed-Cell-Drachen sind im Gegensatz zu konventionellen Lenkmatten wasserstartf\u00e4hig, weil sie sich nicht mit Wasser f\u00fcllen.<\/p>\n<p><strong>Crossports<\/strong><br \/>\nLuftausgleichsl\u00f6cher in den Profilen zwischen den Kammern. Beugen dem Platzen der Kammern bei einem Frontalcrash vor.<\/p>\n<p><strong>daN<\/strong><br \/>\nDeka-Newton = 10 Newton<br \/>\n&#8222;Ein Newton ist die Gr\u00f6\u00dfe der Kraft, die aufgebracht werden muss, um einen ruhenden K\u00f6rper der Masse 1\u00a0kg innerhalb einer Sekunde gleichf\u00f6rmig auf die Geschwindigkeit 1 m\/s zu beschleunigen.&#8220; (Wikipedia)<br \/>\nDie Bruchfestigkeit von Flugleinen wird i.d.R. in daN angegeben, eine Leine mit 100 daN kann dabei etwa 100 kg Last tragen.<\/p>\n<p><strong>Depower-Funktion<\/strong><br \/>\nBrems- und Sicherheits-Vorrichtung vorwiegend bei Vierleiner-Tubekites, die beim Kitesurfen eingesetzt werden. Die Steuerung erfolgt \u00fcber die Lenkstange, (Bar) die Sicherung \u00fcber eine separate Leine, die am K\u00f6rpergurt (Harness bzw. Trapez) befestigt ist. Durch Ziehen der Bar zum K\u00f6rper hin wird der Anstellwinkel des Drachens im Wind ver\u00e4ndert, so dass er schneller wird. Wegschieben oder Loslassen bewirkt ein Bremsen.<br \/>\nDepower-Funktionen k\u00f6nnen bei kleineren Lenkmatten auch in Form einer dritten Leine am Ende (Schleppkante) oder an der Spitze des Drachens installiert sein.<\/p>\n<p><strong>Dirt-outs<\/strong><br \/>\n\u00d6ffnungen am hinteren Ende der Matte \u00fcber die Sand und Schmutz entleert werden kann.<\/p>\n<p><strong>Groundstake<\/strong><br \/>\nKurze Metallstange mit Kopf zur Sicherung des Drachens am Boden. Handles werden unmittelbar nach der Landung dort eingeh\u00e4ngt.<\/p>\n<p><strong>High-end<\/strong><br \/>\nBeschrieben wird das Flugverhalten bei starkem Wind, am Maximum.<\/p>\n<p><strong>Kitekiller<\/strong><br \/>\nSchlaufen am Handgelenk, die mit den Bremsleinen des Drachens verbunden sind. Wenn die Handgriffe (Handles) losgelassen werden, ist durch die Kitekiller nur noch Zug auf den Bremsleinen, so dass sich der Drachen zusammenfaltet und zu Boden f\u00e4llt. Vierleiner werden immer mit zwei Kitekiller geflogen. Zweileiner mit Lenkstange (Bar) d\u00fcrfen nur mit einem Kitekiller links oder rechts geflogen werden. Beim Loslassen der Bar weht der Drachen drucklos aus.<\/p>\n<p><strong>Low-end<\/strong><br \/>\nAuch Low-wind f\u00fcr wenig Wind. Beschrieben wird das Flugverhalten bei schwachen Windverh\u00e4ltnissen.<\/p>\n<p><strong>Single-Skin-Drachen<\/strong><br \/>\nBei der Single-Skin-Bauweise wird auf den Boden der Matte verzichtet. Die Form erh\u00e4lt die Matte durch besonders ausgepr\u00e4gte Waageleinen.<\/p>\n<p><strong>Tube-Kites<\/strong><br \/>\nBeim Kitesurfen werden \u00fcberwiegend Tube-Kites verwendet, die ihre Form durch aufgeblasene R\u00f6hren erhalten. Vor dem Start m\u00fcssen die R\u00f6hre der Leitkante und die davon ausgehenden Quer-R\u00f6hren (Struts) bef\u00fcllt werden.<\/p>\n","protected":false},"excerpt":{"rendered":"<p>Dieses Glossar erhebt keinen Anspruch auf Vollst\u00e4ndigkeit und gibt in erster Linie Begriffe wieder, \u00fcber die ich Lauf der Zeit gestolpert bin. Bodydrag \u00dcbung beim Kitesurfen, bei der sich der Kiter auf dem Bauch liegend vom Drachen durchs Wasser ziehen l\u00e4\u00dft. Closed-Cell-Drachen Bei der Closed-Cell-Bauweise befinden sich an der Vorderseite (Leitkante) des Drachens Lufteinlassschlitze mit &hellip; <a href=\"http:\/\/starkiter.de\/?page_id=7\" class=\"more-link\">Weiterlesen <span class=\"screen-reader-text\">Glossar<\/span><\/a><\/p>\n","protected":false},"author":1,"featured_media":0,"parent":0,"menu_order":2,"comment_status":"closed","ping_status":"closed","template":"","meta":{"footnotes":""},"class_list":["post-7","page","type-page","status-publish","hentry","without-featured-image"],"_links":{"self":[{"href":"http:\/\/starkiter.de\/index.php?rest_route=\/wp\/v2\/pages\/7","targetHints":{"allow":["GET"]}}],"collection":[{"href":"http:\/\/starkiter.de\/index.php?rest_route=\/wp\/v2\/pages"}],"about":[{"href":"http:\/\/starkiter.de\/index.php?rest_route=\/wp\/v2\/types\/page"}],"author":[{"embeddable":true,"href":"http:\/\/starkiter.de\/index.php?rest_route=\/wp\/v2\/users\/1"}],"replies":[{"embeddable":true,"href":"http:\/\/starkiter.de\/index.php?rest_route=%2Fwp%2Fv2%2Fcomments&post=7"}],"version-history":[{"count":8,"href":"http:\/\/starkiter.de\/index.php?rest_route=\/wp\/v2\/pages\/7\/revisions"}],"predecessor-version":[{"id":88,"href":"http:\/\/starkiter.de\/index.php?rest_route=\/wp\/v2\/pages\/7\/revisions\/88"}],"wp:attachment":[{"href":"http:\/\/starkiter.de\/index.php?rest_route=%2Fwp%2Fv2%2Fmedia&parent=7"}],"curies":[{"name":"wp","href":"https:\/\/api.w.org\/{rel}","templated":true}]}}